{"id":21,"date":"2014-08-03T11:37:08","date_gmt":"2014-08-03T09:37:08","guid":{"rendered":"http:\/\/www.espaciogravia.org\/?page_id=21"},"modified":"2019-12-03T15:17:40","modified_gmt":"2019-12-03T14:17:40","slug":"quen-somos","status":"publish","type":"page","link":"https:\/\/espaciogranvia.org\/gal\/quen-somos\/","title":{"rendered":"Quen somos"},"content":{"rendered":"<div class=\"fusion-fullwidth fullwidth-box fusion-builder-row-1 nonhundred-percent-fullwidth non-hundred-percent-height-scrolling\" style=\"--awb-border-radius-top-left:0px;--awb-border-radius-top-right:0px;--awb-border-radius-bottom-right:0px;--awb-border-radius-bottom-left:0px;--awb-flex-wrap:wrap;\" ><div class=\"fusion-builder-row fusion-row\"><div class=\"fusion-layout-column fusion_builder_column fusion-builder-column-0 fusion_builder_column_1_1 1_1 fusion-one-full fusion-column-first fusion-column-last\" style=\"--awb-bg-size:cover;--awb-margin-bottom:0px;\"><div class=\"fusion-column-wrapper fusion-flex-column-wrapper-legacy\"><div class=\"fusion-text fusion-text-1\"><p><img decoding=\"async\" class=\"wp-image-75 size-medium alignnone\" src=\"http:\/\/www.espaciogranvia.org\/wp-content\/uploads\/2014\/08\/quienes_somos1-300x225.jpg\" alt=\"\" width=\"300\" height=\"225\" srcset=\"https:\/\/espaciogranvia.org\/wp-content\/uploads\/2014\/08\/quienes_somos1-300x225.jpg 300w, https:\/\/espaciogranvia.org\/wp-content\/uploads\/2014\/08\/quienes_somos1.jpg 372w\" sizes=\"(max-width: 300px) 100vw, 300px\" \/><\/p>\n<p>ESPAZO GRAN VIA\u00a0\u00e9 unha iniciativa sen \u00e1nimo de lucro, resultante dos esforzos para recoller os so\u00f1os e os problemas das distintas organizaci\u00f3ns e persoas vinculadas \u00e1 cultura e voluntariado vigu\u00e9s.<\/p>\n<p>El ofrece un punto de encontro, a visi\u00f3n aberta e favorable \u00e1 aproveitamento da cultura, ocio e recreaci\u00f3n.<\/p>\n<p>N\u00f3s pensamos a cultura como un l\u00edder todo integral e viva, que ti\u00f1a lazos con todos os campos da creatividade e do pensamento, para o desenvolvemento humano, promovendo valores como a solidariedade, liberdade, respecto ao medio ambiente, a igualdade, a imaxinaci\u00f3n, a xenerosidade, creatividade, etc.<\/p>\n<p>Obxectivos:<\/p>\n<ul>\n<li>\u00a0Desenvolver a creatividade, a expresi\u00f3n ea comunicaci\u00f3n a trav\u00e9s art\u00edstica e humanista.<\/li>\n<li>\u00a0Aplicar as competencias e habilidades que axudan a moldes o car\u00e1cter e desenvolver a sensibilidade.<\/li>\n<li>\u00a0Impulsar a formaci\u00f3n e participaci\u00f3n responsable e eficaz na prevenci\u00f3n e soluci\u00f3n de problemas sociais e ambientais.<\/li>\n<\/ul>\n<\/div><div class=\"fusion-clearfix\"><\/div><\/div><\/div><\/div><\/div>\n","protected":false},"excerpt":{"rendered":"","protected":false},"author":2,"featured_media":0,"parent":0,"menu_order":0,"comment_status":"open","ping_status":"open","template":"","meta":{"footnotes":""},"class_list":["post-21","page","type-page","status-publish","hentry"],"_links":{"self":[{"href":"https:\/\/espaciogranvia.org\/gal\/wp-json\/wp\/v2\/pages\/21","targetHints":{"allow":["GET"]}}],"collection":[{"href":"https:\/\/espaciogranvia.org\/gal\/wp-json\/wp\/v2\/pages"}],"about":[{"href":"https:\/\/espaciogranvia.org\/gal\/wp-json\/wp\/v2\/types\/page"}],"author":[{"embeddable":true,"href":"https:\/\/espaciogranvia.org\/gal\/wp-json\/wp\/v2\/users\/2"}],"replies":[{"embeddable":true,"href":"https:\/\/espaciogranvia.org\/gal\/wp-json\/wp\/v2\/comments?post=21"}],"version-history":[{"count":6,"href":"https:\/\/espaciogranvia.org\/gal\/wp-json\/wp\/v2\/pages\/21\/revisions"}],"predecessor-version":[{"id":4024,"href":"https:\/\/espaciogranvia.org\/gal\/wp-json\/wp\/v2\/pages\/21\/revisions\/4024"}],"wp:attachment":[{"href":"https:\/\/espaciogranvia.org\/gal\/wp-json\/wp\/v2\/media?parent=21"}],"curies":[{"name":"wp","href":"https:\/\/api.w.org\/{rel}","templated":true}]}}