{"id":338,"date":"2014-08-19T09:02:50","date_gmt":"2014-08-19T07:02:50","guid":{"rendered":"http:\/\/www.espaciogravia.org\/?page_id=338"},"modified":"2019-12-02T20:44:35","modified_gmt":"2019-12-02T19:44:35","slug":"politica-de-privacidad-2","status":"publish","type":"page","link":"https:\/\/espaciogranvia.org\/gal\/politica-de-privacidad-2\/","title":{"rendered":"Pol\u00edtica de privacidade"},"content":{"rendered":"<p>En cumplimiento de lo establecido en la Ley Org\u00e1nica 15\/1999, de 13 de diciembre, de Protecci\u00f3n de Datos de Car\u00e1cter Personal, se le informa de que los datos personales que Usted facilite por esta misma v\u00eda ser\u00e1n incluidos en un fichero cuyo titular y responsable es Asociaci\u00f3n Espacio Gran Via\u00a0y cuya finalidad es gestionar la relaci\u00f3n comercial o de otro tipo que Usted mantiene con nosotros y mantenerle informado acerca de las actividades y servicios de la organizaci\u00f3n. Usted podr\u00e1 ejercer los derechos de acceso, rectificaci\u00f3n, cancelaci\u00f3n y oposici\u00f3n reconocidos en dicha Ley poni\u00e9ndose en contacto con Asociaci\u00f3n Espacio Gran Via\u00a0en el correo info@espaciogranvia.org.<\/p>\n<p>En cumplimiento de lo dispuesto en la Ley 34\/2002, de Servicios de la Sociedad de la Informaci\u00f3n y Comercio Electr\u00f3nico, este mensaje est\u00e1 dirigido exclusivamente a su destinatario y puede contener informaci\u00f3n privilegiada o confidencial. Si usted no es el destinatario se\u00f1alado, le informamos que cualquier divulgaci\u00f3n, copia, distribuci\u00f3n o uso de los contenidos est\u00e1 prohibida por ley. Si usted ha recibido este mensaje por error, por favor borre su contenido y comun\u00edquelo a la direcci\u00f3n del remitente a la mayor brevedad posible.<\/p>\n<p>Por la mera visita a la Web, los Usuarios no facilitan informaci\u00f3n personal alguna ni queda obligado a facilitarla.<br \/>\nAsociaci\u00f3n Espacio Gran Via se compromete a guardar la m\u00e1xima reserva y confidencialidad sobre la informaci\u00f3n que le sea facilitada y a utilizarla \u00fanicamente para los fines indicados.<br \/>\nAsociaci\u00f3n Espacio Gran Via\u00a0presume que los datos han sido introducidos por su titular o por persona autorizada por \u00e9ste, as\u00ed como que son correctos y exactos.<br \/>\nCorresponde a los Usuarios la actualizaci\u00f3n de sus propios datos. En cualquier momento, el Usuario tendr\u00e1 el derecho de acceso, rectificaci\u00f3n, cancelaci\u00f3n y oposici\u00f3n a todos sus datos personales incluidos en los distintos formularios de alta. Para modificar o actualizar sus datos personales el Usuario deber\u00e1 enviar un correo a info@espaciogranvia.org.<br \/>\nPor lo tanto, el Usuario es responsable de la veracidad de los datos y Asociaci\u00f3n Espacio Gran Via\u00a0no ser\u00e1 responsable de su inexactitud de los datos personales de los Usuarios. Conforme a la legislaci\u00f3n vigente en materia de protecci\u00f3n de datos,Asociaci\u00f3n Espacio Gran Via ha adoptado los niveles de seguridad adecuados a los datos facilitados por los Usuarios\u00a0y, adem\u00e1s, ha instalado todos los medios y medidas a su alcance para evitar la p\u00e9rdida, mal uso, alteraci\u00f3n, acceso no autorizado y extracci\u00f3n de los mismos.<\/p>\n","protected":false},"excerpt":{"rendered":"<p>En cumplimiento de lo establecido en la Ley Org\u00e1nica 15\/1999, de 13 de diciembre, de Protecci\u00f3n de Datos de Car\u00e1cter Personal, se le informa de que los datos personales que Usted facilite por esta misma v\u00eda ser\u00e1n incluidos en un  [&#8230;]<\/p>\n","protected":false},"author":2,"featured_media":0,"parent":0,"menu_order":0,"comment_status":"open","ping_status":"open","template":"","meta":{"footnotes":""},"class_list":["post-338","page","type-page","status-publish","hentry"],"_links":{"self":[{"href":"https:\/\/espaciogranvia.org\/gal\/wp-json\/wp\/v2\/pages\/338","targetHints":{"allow":["GET"]}}],"collection":[{"href":"https:\/\/espaciogranvia.org\/gal\/wp-json\/wp\/v2\/pages"}],"about":[{"href":"https:\/\/espaciogranvia.org\/gal\/wp-json\/wp\/v2\/types\/page"}],"author":[{"embeddable":true,"href":"https:\/\/espaciogranvia.org\/gal\/wp-json\/wp\/v2\/users\/2"}],"replies":[{"embeddable":true,"href":"https:\/\/espaciogranvia.org\/gal\/wp-json\/wp\/v2\/comments?post=338"}],"version-history":[{"count":2,"href":"https:\/\/espaciogranvia.org\/gal\/wp-json\/wp\/v2\/pages\/338\/revisions"}],"predecessor-version":[{"id":340,"href":"https:\/\/espaciogranvia.org\/gal\/wp-json\/wp\/v2\/pages\/338\/revisions\/340"}],"wp:attachment":[{"href":"https:\/\/espaciogranvia.org\/gal\/wp-json\/wp\/v2\/media?parent=338"}],"curies":[{"name":"wp","href":"https:\/\/api.w.org\/{rel}","templated":true}]}}